{"id":110,"date":"2017-11-28T17:21:37","date_gmt":"2017-11-28T17:21:37","guid":{"rendered":"http:\/\/piemmechiemme.com\/?page_id=110"},"modified":"2017-12-03T19:34:05","modified_gmt":"2017-12-03T18:34:05","slug":"o-meni","status":"publish","type":"page","link":"https:\/\/piemmechiemme.com\/index.php\/o-meni\/","title":{"rendered":"o meni"},"content":{"rendered":"<h2>Pisa\u0107u &#8211; lupetanja. Radi se o &#8220;ode\u0107i&#8221;. Bog neka mi je na pomo\u0107i!<\/h2>\n<p>&nbsp;<\/p>\n<h2 style=\"line-height: 33.6px;\"><img loading=\"lazy\" decoding=\"async\" class=\" wp-image-84 alignleft\" style=\"font-size: 1.75em;\" src=\"http:\/\/piemmechiemme.com\/wp-content\/uploads\/2017\/11\/IMG_0981-188x300.jpg\" alt=\"\" width=\"199\" height=\"318\" srcset=\"https:\/\/piemmechiemme.com\/wp-content\/uploads\/2017\/11\/IMG_0981-188x300.jpg 188w, https:\/\/piemmechiemme.com\/wp-content\/uploads\/2017\/11\/IMG_0981-768x1224.jpg 768w, https:\/\/piemmechiemme.com\/wp-content\/uploads\/2017\/11\/IMG_0981-642x1024.jpg 642w, https:\/\/piemmechiemme.com\/wp-content\/uploads\/2017\/11\/IMG_0981-945x1506.jpg 945w, https:\/\/piemmechiemme.com\/wp-content\/uploads\/2017\/11\/IMG_0981-600x956.jpg 600w, https:\/\/piemmechiemme.com\/wp-content\/uploads\/2017\/11\/IMG_0981.jpg 1000w\" sizes=\"auto, (max-width: 199px) 100vw, 199px\" \/><\/h2>\n<p>Jeste skandalozno \u0161to sam se sad setila. Mogla sam ranije. Mogla sam, recimo pre 10 godina. Padalo mi je na pamet, \u010dak sam ne\u0161to bila i registrovala, \u010ditam blogove, ali mi nije bilo dovoljno va\u017eno. Mrzelo me je da se udubljujem. \u0106erka mi je bila mala, studirala sam, nisam stizala. Sad imam malo vi\u0161e vremena i evo me. Blogovi su se promenili, sve je postalo mnogo slo\u017eenije i \u0161arenije. Poku\u0161a\u0107u da nadoknadim propu\u0161teno i poku\u0161a\u0107u da ovaj blog ne trpi zbog moje dugogodi\u0161nje ignorancije blogosveta. Ovo ne\u0107e biti tipi\u010dan blog, ne mislim da je to neophodno. Po\u0161to nije tipi\u010dan blog, ni &#8220;about me&#8221; ne\u0107e biti tipi\u010dan, ali ne brinite, sazna\u0107ete dovoljno <em>about me<\/em>.<\/p>\n<p>Pri\u010da o meni verovatno tra\u017ei zaseban blog. Ispri\u010da\u0107u je ukratko, jer je ovo ta sekcija a i mo\u017eda se ovde negde nalaze sli\u010dni meni koji se prepoznaju. Oni koji se ne prepoznaju, mo\u017eda budu inspirisani da razmi\u0161ljaju o&#8230;pa, recimo o alternativnim putevima u \u017eivotu.<\/p>\n<p>Ro\u0111ena sam u Beogradu i imam tri sestre. Moji roditelju su filozofi, u mladosti veoma perspektivni i cenjeni u odre\u0111enim krugovima. Moje odrastanje je bilo tipi\u010dno do trenutka u kom roditelji nisu odlu\u010dili da im \u0107erke ne\u0107e biti &#8220;beogradske uli\u010darke&#8221; i da \u0107e nas sami \u0161kolovati i skloniti iz grada, dru\u0161tva, sa ulice, iz sveta. Moji imaju posebnu \u017eivotnu filozofiju oko skoro pa svega. \u0160kole su obi\u010dne fabrike za proizvodnju poslu\u0161nika, zato se ustaje rano i zato se slu\u0161aju nastavnici. Nastavnici i profesori su uvek robovi vladaju\u0107e ideologije, sluge sistema i njihova uloga nije da prenesu znanje, ve\u0107 da od ranog uzrasta\u00a0 decu nau\u010de <em>gde im je mesto<\/em>. Tehni\u010dki, sve institucije sistema su negacija slobode i sve ih treba prezirati. Cilj mojih roditelja je bio da njihova deca budu <em>slobodna<\/em>. Plan koji je, po njima, vodio do ostvarenja tog cilja podrazumevao je visok stepen izolacije i \u017eivot u \u0161to je mogu\u0107e vi\u0161e samoodr\u017eivom doma\u0107instvu. To je zna\u010dilo \u0107ao \u0107ao Beogradu i urbanom \u017eivotu. Dalje, to je podrazumevalo i visok stepen izolacije, \u017eivot na selu i iznena\u0111uju\u0107e puno fizi\u010dkog rada. Nije moralo da se ide u \u0161kolu, nisu morale da se imaju dobre (i nikakve) ocene.<\/p>\n<p><img loading=\"lazy\" decoding=\"async\" class=\"size-medium wp-image-155 aligncenter\" src=\"http:\/\/piemmechiemme.com\/wp-content\/uploads\/2017\/11\/school-sucks_o_1005135-300x183.jpg\" alt=\"\" width=\"300\" height=\"183\" srcset=\"https:\/\/piemmechiemme.com\/wp-content\/uploads\/2017\/11\/school-sucks_o_1005135-300x183.jpg 300w, https:\/\/piemmechiemme.com\/wp-content\/uploads\/2017\/11\/school-sucks_o_1005135.jpg 555w\" sizes=\"auto, (max-width: 300px) 100vw, 300px\" \/><\/p>\n<p>Moji izostanci su u svakoj \u0161kolskoj godini brojani u stotinama. Ocene su mi bile katastofalne. Mnoge predmete sam morala da pola\u017eem na razrednim ispitima. Sestre i ja smo bile uvredljiv dokaz besmisla celog tog sistema. Ja sam bila veoma dobro dete svojih roditelja. Bilo mi je va\u017enije i dra\u017ee da ostanem kod ku\u0107e i \u010ditam, imala sam na raspolaganju ogromnu biblioteku, nego da <em>gubim vreme<\/em> na \u010dasovima. Nisam videla rat, nema\u0161tinu 90ih, nesta\u0161ice svega i sva\u010dega, isto kao \u0161to nisam vi\u0111ala ni pobolj\u0161anja. Nismo imali TV, a veoma \u010desto ni struje tako da su informacije iz spolja\u0161njeg sveta dolazile sporo i sa velikim zaka\u0161njenjem. Nisam slavila ro\u0111endane, i\u0161la na \u017eurke, imala drugarice, de\u010dka. I\u0161la sam jednom na ekskurziju, na sopstveno insistiranje, a i da vidim koliko je to glupo i dosadno (i videla sam da je tako). Moja potpuna sloboda je po\u010dinjala i zavr\u0161avala se u tome, u toj vrsti <em>beskraja<\/em>. Tad sam shvatila da je jedini <em>izlaz<\/em> stvarala\u0161tvo, jer je sve i svuda neka robija. Ne znam da li umetni\u010dki izraz bira \u010doveka, ili je obratno, ali ja nisam, kao \u0161to jesu moje sestre, bila toliko dobar slikar, nisam ni vajala dobro. Videla sam da postoje sklonosti ka nekoj umetni\u010dkoj formi i onda stvaranje postane potreba. Na\u010din izra\u017eavanja.<\/p>\n<p>Za pisanje mi je bilo potrebno iskustvo, puno iskustava, ljudi, sveta. Mikro-izolacija u kojoj sam bila, bila je suprotno od onoga \u0161to mi je bilo potrebno. Zato sam oti\u0161la <em>svojim putem<\/em> i jesam nakrpila deceniju najneverovatnijih iskustava. Zabrinutoj porodici mama je govorila &#8220;Ona mora sve to da do\u017eivi&#8221;. Na ovom blogu pisa\u0107u o tome i kako su me ta iskustva inspirisala.\u00a0<em>Sudarila<\/em> sam se sa svetom i sa svakim \u010dovekom kog sam srela. <em>Pustila sam se<\/em> svetu, svemu tome &#8211; parama, ljudima, poslovima, vrednostima, normama&#8230;Usput sam otkrila zanate i <em>narodnu umetnost<\/em> i \u010dvrsto odlu\u010dila da jednom nekad, kad se moj \u017eivot <em>smiri<\/em>, organizujem sebe oko zanatsko-umetni\u010dkog izraza.<\/p>\n<p>To <em>smirivanje<\/em> se kona\u010dno dogodilo pre 7 godina. Iskustva mi nisu bila dovoljna da po\u010dnem da pi\u0161em. Nedostajao mi je okvir za sve to. Znala sam da je mnogo toga \u0161to mi je nedostajalo odavno zapisano. Pitanja koja su me mu\u010dila su ista ona pitanja na koja su neki drugi ljudi vekovima poku\u0161avaju da odgovore. Mogla sam da \u010ditam, dobrim delom i jesam, \u0161ta su oni pisali. Odlu\u010dila sam da uradim ne\u0161to netipi\u010dno &#8211; da studiram sociologiju u <em>grozomornoj instituciji<\/em> zatvorskog tipa koja ima svoju hijerarhiju, pravila i svoj jezik. Kao i svako drugo iskustvo, shvati\u0161 ga delimi\u010dno tek kad ga do\u017eivi\u0161, tako je bilo i sa studijama. Protr\u010dala sam kroz studije, bila sam dobra studentkinja.\u00a0Sa sociologijom jo\u0161 uvek nisam dobila okvir koji sam tra\u017eila.<\/p>\n<p>Uporedo sa studijama sam danono\u0107no u\u010dila da \u0161ijem. Radila sam na usavr\u0161avanju tehni\u010dkih znanja i ve\u0161tine. O tom napretku i svojim, za mene neverovatnim, uspesima izve\u0161tavala sam svoje prijatelje na <a href=\"https:\/\/www.facebook.com\/Moritz.Milena\">Facebook-u<\/a> i na svojoj stranici\u00a0\u00a0<a href=\"https:\/\/www.facebook.com\/Milena.Moritz\">Pijem&amp;\u0160ijem<\/a>\u00a0. Nisam imala dovoljno slobodnog vremena za blog, a ni dovoljno ve\u0161tine za sve \u0161to ovaj zanat mo\u017ee da pru\u017ei. Obe te stvari sada su se kona\u010dno promenile. Da\u0107u sve od sebe da motivi\u0161em i inspiri\u0161em, podelim znanje i ideje, jer od detinjstva znam da je stvarala\u0161tvo jedini izlaz. To nije stvar u koju verujem, ve\u0107 ne\u0161to \u0161to sam testirala, ne\u0161to provereno i proverljivo. Dobro do\u0161li na moj blog, nadam se da \u0107emo se dugo i lepo dru\u017eiti i da \u0107emo zajedno praviti divne stvari!<\/p>\n<p>&nbsp;<\/p>\n<p><a href=\"\/\/www.pinterest.com\/pin\/create\/button\/\" data-pin-do=\"buttonBookmark\" data-pin-color=\"red\" data-pin-height=\"28\"><img decoding=\"async\" src=\"\/\/assets.pinterest.com\/images\/pidgets\/pinit_fg_en_rect_red_28.png\" \/><\/a><\/p>","protected":false},"excerpt":{"rendered":"<p>Pisa\u0107u &#8211; lupetanja. Radi se o &#8220;ode\u0107i&#8221;. Bog neka mi je na pomo\u0107i! &nbsp; Jeste skandalozno \u0161to sam se sad setila. Mogla sam ranije. Mogla sam, recimo pre 10 godina. Padalo mi je na pamet, \u010dak sam ne\u0161to bila i&#8230; <a class=\"more-link\" href=\"https:\/\/piemmechiemme.com\/index.php\/o-meni\/\"> Continue Reading &rarr;<\/a><\/p>\n","protected":false},"author":1,"featured_media":0,"parent":0,"menu_order":1,"comment_status":"closed","ping_status":"closed","template":"","meta":{"footnotes":""},"class_list":["post-110","page","type-page","status-publish","hentry"],"_links":{"self":[{"href":"https:\/\/piemmechiemme.com\/index.php\/wp-json\/wp\/v2\/pages\/110","targetHints":{"allow":["GET"]}}],"collection":[{"href":"https:\/\/piemmechiemme.com\/index.php\/wp-json\/wp\/v2\/pages"}],"about":[{"href":"https:\/\/piemmechiemme.com\/index.php\/wp-json\/wp\/v2\/types\/page"}],"author":[{"embeddable":true,"href":"https:\/\/piemmechiemme.com\/index.php\/wp-json\/wp\/v2\/users\/1"}],"replies":[{"embeddable":true,"href":"https:\/\/piemmechiemme.com\/index.php\/wp-json\/wp\/v2\/comments?post=110"}],"version-history":[{"count":6,"href":"https:\/\/piemmechiemme.com\/index.php\/wp-json\/wp\/v2\/pages\/110\/revisions"}],"predecessor-version":[{"id":152,"href":"https:\/\/piemmechiemme.com\/index.php\/wp-json\/wp\/v2\/pages\/110\/revisions\/152"}],"wp:attachment":[{"href":"https:\/\/piemmechiemme.com\/index.php\/wp-json\/wp\/v2\/media?parent=110"}],"curies":[{"name":"wp","href":"https:\/\/api.w.org\/{rel}","templated":true}]}}